{"id":31,"date":"2024-10-28T18:58:06","date_gmt":"2024-10-28T17:58:06","guid":{"rendered":"https:\/\/www.restauraceuprokopa.cz\/?page_id=31"},"modified":"2026-04-24T08:42:40","modified_gmt":"2026-04-24T06:42:40","slug":"tydenni-menu-2","status":"publish","type":"page","link":"https:\/\/www.restauraceuprokopa.cz\/","title":{"rendered":"T\u00fddenn\u00ed menu"},"content":{"rendered":"\r\n<p>&nbsp;<\/p>\r\n<p class=\"western\" align=\"center\"><span style=\"color: #000000;\"><span style=\"font-family: Arial Black, serif;\"><span style=\"font-size: x-large;\"><b>20. 4. 2026 \u2013 26. 4. 2026<\/b><\/span><\/span><\/span><\/p>\r\n<p class=\"western\"><span style=\"color: #000000;\"><span style=\"font-family: Arial Black, serif;\"><span style=\"font-size: medium;\"><i><u>Pond\u011bl\u00ed 20.4.<\/u><\/i><\/span><\/span><\/span><\/p>\r\n<p class=\"western\"><span style=\"color: #000000;\"><span style=\"font-family: Arial Black, serif;\"><span style=\"font-size: medium;\"><b>Frankfurtsk\u00e1<\/b><\/span><\/span><\/span><\/p>\r\n<p class=\"western\"><span style=\"color: #000000;\"> <span style=\"font-family: Arial, sans-serif;\"><span style=\"font-size: medium;\"><b>1<\/b><\/span><\/span><\/span><span style=\"color: #000000;\"><span style=\"font-family: Arial, sans-serif;\"><span style=\"font-size: medium;\"><b>. Va\u0159en\u00e9 vejce, \u010do\u010dka na kyselo, okurka, chl\u00e9b<\/b><\/span><\/span><\/span><\/p>\r\n<p class=\"western\"><span style=\"color: #000000;\"> <span style=\"font-family: Arial, sans-serif;\"><span style=\"font-size: medium;\"><b>2<\/b><\/span><\/span><\/span><span style=\"color: #000000;\"><span style=\"font-family: Arial, sans-serif;\"><span style=\"font-size: medium;\"><b>. Ope\u010den\u00e1 uzenina, \u010do\u010dka na kyselo, okurka, chl\u00e9b<\/b><\/span><\/span><\/span><\/p>\r\n<p class=\"western\"><span style=\"color: #000000;\"> <span style=\"font-family: Arial, sans-serif;\"><span style=\"font-size: medium;\"><b>3. Sma\u017een\u00fd celer<\/b><\/span><\/span><\/span><span style=\"color: #000000;\"><span style=\"font-family: Arial, sans-serif;\"><span style=\"font-size: medium;\"><b>, va\u0159en\u00e9 brambory ma\u0161t. m\u00e1slem<\/b><\/span><\/span><\/span><\/p>\r\n<p class=\"western\"><span style=\"color: #000000;\"> <span style=\"font-family: Arial, sans-serif;\"><span style=\"font-size: medium;\"><b>A. K<\/b><\/span><\/span><\/span><span style=\"color: #000000;\"><span style=\"font-family: Arial, sans-serif;\"><span style=\"font-size: medium;\"><b>u\u0159ec\u00ed pikantn\u00ed sm\u011bs, du\u0161en\u00e1 r\u00fd\u017ee<\/b><\/span><\/span><\/span><\/p>\r\n<p>&nbsp;<\/p>\r\n<p class=\"western\"><span style=\"color: #000000;\"><span style=\"font-family: Arial Black, serif;\"><span style=\"font-size: medium;\"><i><u>\u00dater\u00fd 21.4. <\/u><\/i><\/span><\/span><\/span><\/p>\r\n<p class=\"western\"><span style=\"color: #000000;\"><span style=\"font-family: Arial Black, serif;\"><span style=\"font-size: medium;\"><b>Selsk\u00e1 hrstkov\u00e1<\/b><\/span><\/span><\/span><\/p>\r\n<p class=\"western\"><span style=\"color: #000000;\"> <span style=\"font-family: Arial, sans-serif;\"><span style=\"font-size: medium;\"><b>1. Bratislavsk\u00e9 vep\u0159ov\u00e9 plecko, houskov\u00fd knedl\u00edk<\/b><\/span><\/span><\/span><\/p>\r\n<p class=\"western\"><span style=\"color: #000000;\"> <span style=\"font-family: Arial, sans-serif;\"><span style=\"font-size: medium;\"><b>2. Bratislavsk\u00e9 vep\u0159ov\u00e9 plecko, t\u011bstoviny<\/b><\/span><\/span><\/span><\/p>\r\n<p class=\"western\"><b> <\/b><span style=\"color: #000000;\"><span style=\"font-family: Arial, sans-serif;\"><span style=\"font-size: medium;\"><b>3. Vlo\u010dkov\u00e1 ka\u0161e s kakaem, cukrem , p\u0159elit\u00e9 m\u00e1slem<\/b><\/span><\/span><\/span><\/p>\r\n<p class=\"western\"><span style=\"color: #000000;\"><span style=\"font-family: Arial, sans-serif;\"><span style=\"font-size: medium;\"><b>A. Vep\u0159ov\u00e9 medailonky se s\u00fdrem, ope\u010den\u00e9 brambory, tat. om\u00e1\u010dka<\/b><\/span><\/span><\/span><\/p>\r\n<p>&nbsp;<\/p>\r\n<p class=\"western\"><span style=\"color: #000000;\"><span style=\"font-family: Arial Black, serif;\"><span style=\"font-size: medium;\"><i><u>St\u0159eda 22.4.<\/u><\/i><\/span><\/span><\/span><b> <\/b><\/p>\r\n<p class=\"western\"><span style=\"color: #000000;\"><span style=\"font-family: Arial Black, serif;\"><span style=\"font-size: medium;\"><b>Masov\u00fd v\u00fdvar s t\u011bstovinou<\/b><\/span><\/span><\/span><\/p>\r\n<p class=\"western\"><span style=\"color: #000000;\"> <span style=\"font-family: Arial, sans-serif;\"><span style=\"font-size: medium;\"><b>1. Rizoto z vep\u0159ov\u00e9ho masa, s\u00fdr, okurka<\/b><\/span><\/span><\/span><\/p>\r\n<p class=\"western\"><span style=\"color: #000000;\"> <span style=\"font-family: Arial, sans-serif;\"><span style=\"font-size: medium;\"><b>2. Rizoto z vep\u0159ov\u00e9ho masa, s\u00fdr, zeln\u00fd sal\u00e1t<\/b><\/span><\/span><\/span><\/p>\r\n<p class=\"western\"><span style=\"color: #000000;\"> <span style=\"font-family: Arial, sans-serif;\"><span style=\"font-size: medium;\"><b>3. Zape\u010den\u00e9 t\u011bstoviny se zeleninou a s\u00fdrem<\/b><\/span><\/span><\/span><\/p>\r\n<p class=\"western\"><span style=\"color: #000000;\"> <span style=\"font-family: Arial, sans-serif;\"><span style=\"font-size: medium;\"><b>A. <\/b><\/span><\/span><\/span><span style=\"color: #000000;\"><span style=\"font-family: Arial, sans-serif;\"><span style=\"font-size: medium;\"><b> Restovan\u00e1 dr\u016fbe\u017e\u00ed j\u00e1tra, va\u0159en\u00e9 brambory, tat. om\u00e1\u010dka<\/b><\/span><\/span><\/span><\/p>\r\n<p>&nbsp;<\/p>\r\n<p class=\"western\"><span style=\"color: #000000;\"><span style=\"font-family: Arial Black, serif;\"><span style=\"font-size: medium;\"><i><u>\u010ctvrtek<\/u><\/i><\/span><\/span><\/span><span style=\"color: #000000;\"><span style=\"font-family: Arial Black, serif;\"><span style=\"font-size: medium;\"><i><u><b> 23.4.<\/b><\/u><\/i><\/span><\/span><\/span><b> <\/b><\/p>\r\n<p class=\"western\"><span style=\"color: #000000;\"><span style=\"font-family: Arial Black, serif;\"><span style=\"font-size: medium;\"><b> \u010cesne\u010dka s bramborem<\/b><\/span><\/span><\/span><\/p>\r\n<p class=\"western\"><span style=\"color: #000000;\"> <span style=\"font-family: Arial, sans-serif;\"><span style=\"font-size: medium;\"><b>1. Masov\u00e9 kuli\u010dky, rajsk\u00e1 om\u00e1\u010dka, houskov\u00fd knedl\u00edk<\/b><\/span><\/span><\/span><\/p>\r\n<p class=\"western\"><span style=\"color: #000000;\"> <span style=\"font-family: Arial, sans-serif;\"><span style=\"font-size: medium;\"><b>2<\/b><\/span><\/span><\/span><span style=\"color: #000000;\"><span style=\"font-family: Arial, sans-serif;\"><span style=\"font-size: medium;\"><b>.<\/b><\/span><\/span><\/span><span style=\"color: #000000;\"><span style=\"font-family: Arial, sans-serif;\"><span style=\"font-size: medium;\"><b> Masov\u00e9 kuli\u010dky, rajsk\u00e1 om\u00e1\u010dka, t\u011bstoviny<\/b><\/span><\/span><\/span><\/p>\r\n<p class=\"western\"><span style=\"color: #000000;\"> <span style=\"font-family: Arial, sans-serif;\"><span style=\"font-size: medium;\"><b>3. \u0160<\/b><\/span><\/span><\/span><span style=\"color: #000000;\"><span style=\"font-family: Arial, sans-serif;\"><span style=\"font-size: medium;\"><b>irok\u00e9 nudle sypan\u00e9 tvarohem, cukrem a m\u00e1slo<\/b><\/span><\/span><\/span><\/p>\r\n<p class=\"western\"><span style=\"color: #000000;\"><span style=\"font-family: Arial, sans-serif;\"><span style=\"font-size: medium;\"><b>A. S<\/b><\/span><\/span><\/span><span style=\"color: #000000;\"><span style=\"font-family: Arial, sans-serif;\"><span style=\"font-size: medium;\"><b>ma\u017een\u00fd vep\u0159ov\u00fd \u0159\u00edzek, bramborov\u00fd sal\u00e1t<\/b><\/span><\/span><\/span><\/p>\r\n<p>&nbsp;<\/p>\r\n<p class=\"western\"><span style=\"color: #000000;\"><span style=\"font-family: Arial Black, serif;\"><span style=\"font-size: medium;\"><i><u>P\u00e1tek 24.4. <\/u><\/i><\/span><\/span><\/span><\/p>\r\n<p class=\"western\"><span style=\"color: #000000;\"><span style=\"font-family: Arial Black, serif;\"><span style=\"font-size: medium;\"> Masov\u00fd v\u00fdvar s k<\/span><\/span><\/span><span style=\"color: #000000;\"><span style=\"font-family: Arial Black, serif;\"><span style=\"font-size: medium;\"><b>rupic\u00ed<\/b><\/span><\/span><\/span><\/p>\r\n<p class=\"western\"><span style=\"color: #000000;\"> <span style=\"font-family: Arial, sans-serif;\"><span style=\"font-size: medium;\"><b>1. Selsk\u00e9 brambory s uzeninou, okurka<\/b><\/span><\/span><\/span><\/p>\r\n<p class=\"western\"><span style=\"font-family: Arial, sans-serif;\"><span style=\"font-size: medium;\"><b>2. <\/b><\/span><\/span><span style=\"color: #000000;\"><span style=\"font-family: Arial, sans-serif;\"><span style=\"font-size: medium;\"><b>Selsk\u00e9 brambory s uzeninou, zeln\u00fd sal\u00e1t<\/b><\/span><\/span><\/span><\/p>\r\n<p class=\"western\"><span style=\"color: #000000;\"> <span style=\"font-family: Arial, sans-serif;\"><span style=\"font-size: medium;\"><b>3. Ovocn\u00fd t\u00e1\u010d<\/b><\/span><\/span><\/span><\/p>\r\n<p class=\"western\"><span style=\"color: #000000;\"> <span style=\"font-family: Arial, sans-serif;\"><span style=\"font-size: medium;\"><b>A. Sma\u017een\u00fd vep\u0159ov\u00fd jazyk, bramborov\u00fd sal\u00e1t<\/b><\/span><\/span><\/span><\/p>\r\n<p class=\"western\">&nbsp;<\/p>\r\n<p class=\"western\"><span style=\"color: #000000;\"><span style=\"font-family: Arial Black, serif;\"><span style=\"font-size: medium;\"><i><u>Sobota 25.4.<\/u><\/i><\/span><\/span><\/span><b> <\/b><\/p>\r\n<p class=\"western\"><span style=\"color: #000000;\"><span style=\"font-family: Arial Black, serif;\"><span style=\"font-size: medium;\"><b> Zelenninov\u00e1<\/b><\/span><\/span><\/span><\/p>\r\n<p class=\"western\"><span style=\"color: #000000;\"> <span style=\"font-family: Arial, sans-serif;\"><span style=\"font-size: medium;\"><b>1. Vep\u0159ov\u00fd gul\u00e1\u0161,<\/b><\/span><\/span><\/span><span style=\"color: #000000;\"><span style=\"font-family: Arial, sans-serif;\"><span style=\"font-size: medium;\"><b> houskov\u00fd knedl\u00edk <\/b><\/span><\/span><\/span><\/p>\r\n<p class=\"western\"><span style=\"color: #000000;\"> <span style=\"font-family: Arial, sans-serif;\"><span style=\"font-size: medium;\"><b>2. Vep\u0159ov\u00fd gul\u00e1\u0161,<\/b><\/span><\/span><\/span> <span style=\"color: #000000;\"><span style=\"font-family: Arial, sans-serif;\"><span style=\"font-size: medium;\"><b>pe\u010divo<\/b><\/span><\/span><\/span><\/p>\r\n<p>&nbsp;<\/p>\r\n<p class=\"western\"><span style=\"color: #000000;\"><span style=\"font-family: Arial Black, serif;\"><span style=\"font-size: medium;\"><i><u>Ned\u011ble 26.4.<\/u><\/i><\/span><\/span><\/span><\/p>\r\n<p class=\"western\"><span style=\"color: #000000;\"><span style=\"font-family: Arial Black, serif;\"><span style=\"font-size: medium;\"><b>Cibula\u010dka<\/b><\/span><\/span><\/span><\/p>\r\n<p class=\"western\"><span style=\"color: #000000;\"><span style=\"font-family: Arial, sans-serif;\"><span style=\"font-size: medium;\"><b>1. P\u00e1rkov\u00e1 sekan\u00e1<\/b><\/span><\/span><\/span><span style=\"color: #000000;\"><span style=\"font-family: Arial, sans-serif;\"><span style=\"font-size: medium;\"><b>, bramborov\u00fd sal\u00e1t<\/b><\/span><\/span><\/span><\/p>\r\n<p class=\"western\"><span style=\"color: #000000;\"> <span style=\"font-family: Arial, sans-serif;\"><span style=\"font-size: medium;\"><b>2. <\/b><\/span><\/span><\/span><span style=\"color: #000000;\"><span style=\"font-family: Arial, sans-serif;\"><span style=\"font-size: medium;\"><b>P\u00e1rkov\u00e1 sekan\u00e1<\/b><\/span><\/span><\/span><span style=\"color: #000000;\"><span style=\"font-family: Arial, sans-serif;\"><span style=\"font-size: medium;\"><b>, va\u0159en\u00e9 brambory ma\u0161t. m\u00e1slem<\/b><\/span><\/span><\/span><\/p>\r\n<p>&nbsp;<\/p>\r\n<p class=\"western\" align=\"center\"><span style=\"color: #000000;\"><span style=\"font-family: Arial Black, serif;\"><span style=\"font-size: x-large;\"><b>27. 4. 2026 \u2013 3. 5. 2026<\/b><\/span><\/span><\/span><\/p>\r\n<p class=\"western\"><span style=\"color: #000000;\"><span style=\"font-family: Arial Black, serif;\"><span style=\"font-size: medium;\"><i><u>Pond\u011bl\u00ed 27.4.<\/u><\/i><\/span><\/span><\/span><\/p>\r\n<p class=\"western\"><span style=\"color: #000000;\"><span style=\"font-family: Arial Black, serif;\"><span style=\"font-size: medium;\"><b>Hrachov\u00e1 s p\u00e1rkem<\/b><\/span><\/span><\/span><\/p>\r\n<p class=\"western\"><span style=\"color: #000000;\"> <span style=\"font-family: Arial, sans-serif;\"><span style=\"font-size: medium;\"><b>1. Va\u0159en\u00e9 vejce, \u0161pen\u00e1t, houskov\u00fd knedl\u00edk<\/b><\/span><\/span><\/span><\/p>\r\n<p class=\"western\"><span style=\"color: #000000;\"> <span style=\"font-family: Arial, sans-serif;\"><span style=\"font-size: medium;\"><b>2<\/b><\/span><\/span><\/span><span style=\"color: #000000;\"><span style=\"font-family: Arial, sans-serif;\"><span style=\"font-size: medium;\"><b>. Va\u0159en\u00e9 vejce, \u0161pen\u00e1t, va\u0159en\u00e9 brrambory<\/b><\/span><\/span><\/span><\/p>\r\n<p class=\"western\"><span style=\"color: #000000;\"> <span style=\"font-family: Arial, sans-serif;\"><span style=\"font-size: medium;\"><b>3. Brokolicov\u00fd karban\u00e1tek, va\u0159en\u00e9 brambory ma\u0161t. m\u00e1slem<\/b><\/span><\/span><\/span><\/p>\r\n<p class=\"western\"><span style=\"color: #000000;\"> <span style=\"font-family: Arial, sans-serif;\"><span style=\"font-size: medium;\"><b>A. Vep\u0159ov\u00e9 ledvinky na cibulce, du\u0161en\u00e1 r\u00fd\u017ee<\/b><\/span><\/span><\/span><\/p>\r\n<p class=\"western\">&nbsp;<\/p>\r\n<p class=\"western\"><span style=\"color: #000000;\"><span style=\"font-family: Arial Black, serif;\"><span style=\"font-size: medium;\"><i><u>\u00dater\u00fd 28.4.<\/u><\/i><\/span><\/span><\/span><\/p>\r\n<p class=\"western\"><span style=\"color: #000000;\"><span style=\"font-family: Arial Black, serif;\"><span style=\"font-size: medium;\"><b> Km\u00ednov\u00e1 s vaje\u010dnou mlhovinou<\/b><\/span><\/span><\/span><\/p>\r\n<p class=\"western\"><span style=\"color: #000000;\"><span style=\"font-family: Arial, sans-serif;\"><span style=\"font-size: medium;\"><b>1.<\/b><\/span><\/span><\/span><span style=\"color: #000000;\"><span style=\"font-family: Arial, sans-serif;\"><span style=\"font-size: medium;\"><b> Cik\u00e1nsk\u00e1 vep\u0159ov\u00e1 pe\u010den\u011b<\/b><\/span><\/span><\/span><span style=\"color: #000000;\"><span style=\"font-family: Arial, sans-serif;\"><span style=\"font-size: medium;\"><b>, houskov\u00fd knedl\u00edk<\/b><\/span><\/span><\/span><\/p>\r\n<p class=\"western\"><span style=\"color: #000000;\"> <span style=\"font-family: Arial, sans-serif;\"><span style=\"font-size: medium;\"><b>2. <\/b><\/span><\/span><\/span><span style=\"color: #000000;\"><span style=\"font-family: Arial, sans-serif;\"><span style=\"font-size: medium;\"><b>Cik\u00e1nsk\u00e1 vep\u0159ov\u00e1 pe\u010den\u011b<\/b><\/span><\/span><\/span><span style=\"color: #000000;\"><span style=\"font-family: Arial, sans-serif;\"><span style=\"font-size: medium;\"><b>, du\u0161en\u00e1 r\u00fd\u017ee<\/b><\/span><\/span><\/span><\/p>\r\n<p class=\"western\"><span style=\"color: #000000;\"> <span style=\"font-family: Arial, sans-serif;\"><span style=\"font-size: medium;\"><b>3. Pala\u010dinky s d\u017eemem<\/b><\/span><\/span><\/span><\/p>\r\n<p class=\"western\"><span style=\"color: #000000;\"><span style=\"font-family: Arial, sans-serif;\"><span style=\"font-size: medium;\"><b>A. P<\/b><\/span><\/span><\/span><span style=\"color: #000000;\"><span style=\"font-family: Arial, sans-serif;\"><span style=\"font-size: medium;\"><b>\u0159\u00edrodn\u00ed ku\u0159ec\u00ed prsa na \u017eampi\u00f3nech, va\u0159en\u00e9 brambory<\/b><\/span><\/span><\/span><\/p>\r\n<p class=\"western\">&nbsp;<\/p>\r\n<p class=\"western\"><span style=\"color: #000000;\"><span style=\"font-family: Arial Black, serif;\"><span style=\"font-size: medium;\"><i><u>St\u0159eda 29.4.<\/u><\/i><\/span><\/span><\/span><\/p>\r\n<p class=\"western\"><span style=\"color: #000000;\"><span style=\"font-family: Arial Black, serif;\"><span style=\"font-size: medium;\">M<\/span><\/span><\/span><span style=\"color: #000000;\"><span style=\"font-family: Arial Black, serif;\"><span style=\"font-size: medium;\"><b>asov\u00fd v\u00fdvar s r\u00fd\u017e\u00ed a hr\u00e1\u0161kem<\/b><\/span><\/span><\/span><\/p>\r\n<p class=\"western\"><span style=\"color: #000000;\"> <span style=\"font-family: Arial, sans-serif;\"><span style=\"font-size: medium;\"><b>1. Vep\u0159ov\u00e9 v\u00fdpe\u010dky, zel\u00ed, houskov\u00fd knedl\u00edk<\/b><\/span><\/span><\/span><\/p>\r\n<p class=\"western\"><span style=\"color: #000000;\"> <span style=\"font-family: Arial, sans-serif;\"><span style=\"font-size: medium;\"><b>2. Vep\u0159ov\u00e9 v\u00fdpe\u010dky, zel\u00ed, va\u0159en\u00e9 brambory<\/b><\/span><\/span><\/span><\/p>\r\n<p class=\"western\"><span style=\"color: #000000;\"> <span style=\"font-family: Arial, sans-serif;\"><span style=\"font-size: medium;\"><b>3. Va\u0159en\u00e9 vejce, du\u0161en\u00e1 zelenina na m\u00e1sle, va\u0159en\u00e9 brambory<\/b><\/span><\/span><\/span><\/p>\r\n<p class=\"western\"><span style=\"color: #000000;\"><span style=\"font-family: Arial, sans-serif;\"><span style=\"font-size: medium;\"><b>A. <\/b><\/span><\/span><\/span><span style=\"color: #000000;\"><span style=\"font-family: Arial, sans-serif;\"><span style=\"font-size: medium;\"><b>Sma\u017een\u00e1 vep\u0159ov\u00e1 j\u00e1tra, bramborov\u00fd sal\u00e1t<\/b><\/span><\/span><\/span><\/p>\r\n<p>&nbsp;<\/p>\r\n<p class=\"western\"><span style=\"color: #000000;\"><span style=\"font-family: Arial Black, serif;\"><span style=\"font-size: medium;\"><i><u>\u010ctvrtek 30.4.<\/u><\/i><\/span><\/span><\/span><\/p>\r\n<p class=\"western\"><span style=\"color: #000000;\"><span style=\"font-family: Arial Black, serif;\"><span style=\"font-size: medium;\"><b>Uzen\u00e1 s kroupami<\/b><\/span><\/span><\/span><\/p>\r\n<p class=\"western\"><span style=\"color: #000000;\"><span style=\"font-family: Arial, sans-serif;\"><span style=\"font-size: medium;\"><b>1. Sma\u017een\u00fd karban\u00e1tek, bramborov\u00fd sal\u00e1t<\/b><\/span><\/span><\/span><\/p>\r\n<p class=\"western\"><span style=\"color: #000000;\"> <span style=\"font-family: Arial, sans-serif;\"><span style=\"font-size: medium;\"><b>2. Sma\u017een\u00fd karban\u00e1tek, va\u0159en\u00e9 brambory ma\u0161t. m\u00e1slem<\/b><\/span><\/span><\/span><\/p>\r\n<p class=\"western\"><span style=\"color: #000000;\"> <span style=\"font-family: Arial, sans-serif;\"><span style=\"font-size: medium;\"><b>3. R\u00fd\u017eov\u00e1 ka\u0161e s ovocem<\/b><\/span><\/span><\/span><\/p>\r\n<p class=\"western\"><span style=\"color: #000000;\"><span style=\"font-family: Arial, sans-serif;\"><span style=\"font-size: medium;\"><b>A. <\/b><\/span><\/span><\/span><span style=\"color: #000000;\"><span style=\"font-family: Arial, sans-serif;\"><span style=\"font-size: medium;\"><b>Ku\u0159ec\u00ed Kung pao s ara\u0161\u00eddy, du\u0161en\u00e1 r\u00fd\u017ee<\/b><\/span><\/span><\/span><\/p>\r\n<p>&nbsp;<\/p>\r\n<p class=\"western\"><span style=\"color: #000000;\"><span style=\"font-family: Arial Black, serif;\"><span style=\"font-size: medium;\"><i><u>P\u00e1tek 1.5.<\/u><\/i><\/span><\/span><\/span><\/p>\r\n<p class=\"western\"><span style=\"color: #000000;\"><span style=\"font-family: Arial Black, serif;\"><span style=\"font-size: medium;\"><b>Brambora\u010dka<\/b><\/span><\/span><\/span><\/p>\r\n<p class=\"western\"><span style=\"color: #000000;\"> <span style=\"font-family: Arial, sans-serif;\"><span style=\"font-size: medium;\"><b>1. Zape\u010den\u00e9 \u0161unkov\u00e9 fl\u00ed\u010dky, <\/b><\/span><\/span><\/span><span style=\"color: #000000;\"><span style=\"font-family: Arial, sans-serif;\"><span style=\"font-size: medium;\"><b>okurka<\/b><\/span><\/span><\/span><\/p>\r\n<p class=\"western\"><span style=\"color: #000000;\"> <span style=\"font-family: Arial, sans-serif;\"><span style=\"font-size: medium;\"><b>2. <\/b><\/span><\/span><\/span><span style=\"color: #000000;\"><span style=\"font-family: Arial, sans-serif;\"><span style=\"font-size: medium;\"><b>Zape\u010den\u00e9 \u0161unkov\u00e9 fl\u00ed\u010dky,<\/b><\/span><\/span><\/span><span style=\"color: #000000;\"><span style=\"font-family: Arial, sans-serif;\"><span style=\"font-size: medium;\"><b> s\u00fdr, sak\u00e1t Coleslaw<\/b><\/span><\/span><\/span><\/p>\r\n<p class=\"western\"><span style=\"color: #000000;\"> <span style=\"font-family: Arial, sans-serif;\"><span style=\"font-size: medium;\"><b>3. &#8212;&#8212;&#8212;&#8211;<\/b><\/span><\/span><\/span><\/p>\r\n<p class=\"western\"><span style=\"color: #000000;\"> <span style=\"font-family: Arial, sans-serif;\"><span style=\"font-size: medium;\"><b>A. &#8211;<\/b><\/span><\/span><\/span><span style=\"color: #000000;\"><span style=\"font-family: Arial, sans-serif;\"><span style=\"font-size: medium;\"><b>&#8212;&#8212;&#8212;-<\/b><\/span><\/span><\/span><\/p>\r\n<p>&nbsp;<\/p>\r\n<p class=\"western\"><span style=\"color: #000000;\"><span style=\"font-family: Arial Black, serif;\"><span style=\"font-size: medium;\"><i><u>Sobota 2.5.<\/u><\/i><\/span><\/span><\/span><b> <\/b><\/p>\r\n<p class=\"western\"><span style=\"color: #000000;\"><span style=\"font-family: Arial Black, serif;\"><span style=\"font-size: medium;\"><b>\u0160pen\u00e1tov\u00e1<\/b><\/span><\/span><\/span><\/p>\r\n<p class=\"western\"><span style=\"color: #000000;\"><span style=\"font-family: Arial, sans-serif;\"><span style=\"font-size: medium;\"><b>1. Sma\u017een\u00fd ku\u0159ec\u00ed steak, bramborov\u00fd sal\u00e1t<\/b><\/span><\/span><\/span><\/p>\r\n<p class=\"western\"><span style=\"color: #000000;\"> <span style=\"font-family: Arial, sans-serif;\"><span style=\"font-size: medium;\"><b>2. Sma\u017een\u00fd ku\u0159ec\u00ed steak, va\u0159en\u00e9 brambory ma\u0161t. m\u00e1slem<\/b><\/span><\/span><\/span><\/p>\r\n<p>&nbsp;<\/p>\r\n<p class=\"western\"><span style=\"color: #000000;\"><span style=\"font-family: Arial Black, serif;\"><span style=\"font-size: medium;\"><i><u>Ned\u011ble 3.5.<\/u><\/i><\/span><\/span><\/span><\/p>\r\n<p class=\"western\"><b> <\/b><span style=\"color: #000000;\"><span style=\"font-family: Arial Black, serif;\"><span style=\"font-size: medium;\"><b>Dr\u016fbe\u017e\u00ed s t\u011bstovinou<\/b><\/span><\/span><\/span><\/p>\r\n<p class=\"western\"><span style=\"color: #000000;\"><span style=\"font-family: Arial, sans-serif;\"><span style=\"font-size: medium;\"><b>1. <\/b><\/span><\/span><\/span><span style=\"color: #000000;\"><span style=\"font-family: Arial, sans-serif;\"><span style=\"font-size: medium;\"><b>V<\/b><\/span><\/span><\/span><span style=\"color: #000000;\"><span style=\"font-family: Arial, sans-serif;\"><span style=\"font-size: medium;\"><b>ep\u0159ov\u00e1 plec na houb\u00e1ch, houskov\u00fd knedl\u00edk<\/b><\/span><\/span><\/span><\/p>\r\n<p class=\"western\"><span style=\"color: #000000;\"> <span style=\"font-family: Arial, sans-serif;\"><span style=\"font-size: medium;\"><b>2. <\/b><\/span><\/span><\/span><span style=\"color: #000000;\"><span style=\"font-family: Arial, sans-serif;\"><span style=\"font-size: medium;\"><b>V<\/b><\/span><\/span><\/span><span style=\"color: #000000;\"><span style=\"font-family: Arial, sans-serif;\"><span style=\"font-size: medium;\"><b>ep\u0159ov\u00e1 plec na houb\u00e1ch, du\u0161en\u00e1 r\u00fd\u017ee<\/b><\/span><\/span><\/span><\/p>\r\n<p>&nbsp;<\/p>\r\n\r\n\r\n\r\n\r\n\r\n<p>Cena menu <strong>140 K\u010d<\/strong>; menu &#8211;&nbsp; menu box 10 K\u010d<\/p>\r\n<p>Objedn\u00e1vka menu na tel. \u010d\u00edsle 777988323&nbsp;<br>&nbsp;&nbsp;&nbsp;&nbsp;&nbsp;&nbsp;&nbsp;&nbsp;&nbsp;&nbsp;&nbsp;&nbsp;&nbsp;&nbsp;&nbsp;&nbsp;&nbsp;&nbsp;&nbsp;&nbsp;&nbsp;&nbsp;&nbsp;&nbsp;&nbsp;&nbsp;&nbsp;&nbsp;&nbsp;&nbsp;&nbsp;&nbsp;&nbsp;&nbsp;&nbsp;&nbsp;&nbsp;&nbsp;&nbsp;&nbsp;&nbsp;&nbsp;&nbsp;&nbsp;&nbsp;&nbsp;&nbsp;&nbsp;&nbsp;&nbsp;&nbsp;&nbsp; 602565598 <br>nebo m\u016f\u017eete volat p\u0159\u00edmo do kuchyn\u011b 735515759 (ne SMS)<\/p>\r\n\r\n\r\n\r\n<p>P\u0159ij\u00edm\u00e1me stravenky Sodexo pass \/ Ticket Restaurant \/ <em>Ch\u00e8que D\u00e9jeuner<\/em><\/p>\r\n\r\n\r\n\r\n<figure class=\"wp-block-table\">\r\n<table class=\"has-fixed-layout\">\r\n<tbody>\r\n<tr>\r\n<td><strong>J\u00eddeln\u00ed\u010dek ke sta\u017een\u00ed zde:<\/strong><\/td>\r\n<\/tr>\r\n<\/tbody>\r\n<\/table>\r\n<p>20. 4. 2026 &#8211; 3. 5. 2026<\/p>\r\n<a href=\"https:\/\/www.nadrazni-restaurace-znojmo.cz\/download.php?dl=438\">jidelnicek-20.4.2026-3.5.2026.docx<\/a><\/figure>\r\n<p>&nbsp;<\/p>\r\n<p><a title=\"Kudyznudy.cz \u2013 tipy na v\u00fdlet\" href=\"https:\/\/www.kudyznudy.cz\/?utm_source=kzn&amp;utm_medium=partneri_kzn&amp;utm_campaign=banner\"><img loading=\"lazy\" decoding=\"async\" src=\"https:\/\/www.kudyznudy.cz\/App_Themes\/KzN\/CSS\/Images\/svg\/new-logo.svg\" alt=\"Kudyznudy.cz \u2013 tipy na v\u00fdlet\" width=\"150\" height=\"33\" border=\"0\"> <\/a><\/p>","protected":false},"excerpt":{"rendered":"<p>&nbsp; 20. 4. 2026 \u2013 26. 4. 2026 Pond\u011bl\u00ed 20.4. Frankfurtsk\u00e1 1. Va\u0159en\u00e9 vejce, \u010do\u010dka na kyselo, okurka, chl\u00e9b 2. Ope\u010den\u00e1 uzenina, \u010do\u010dka na kyselo, okurka, chl\u00e9b 3. Sma\u017een\u00fd celer, va\u0159en\u00e9 brambory ma\u0161t. m\u00e1slem A. Ku\u0159ec\u00ed pikantn\u00ed sm\u011bs, du\u0161en\u00e1 r\u00fd\u017ee &nbsp; \u00dater\u00fd 21.4. Selsk\u00e1 hrstkov\u00e1 1. Bratislavsk\u00e9 vep\u0159ov\u00e9 plecko, houskov\u00fd knedl\u00edk 2. Bratislavsk\u00e9 vep\u0159ov\u00e9 plecko, &hellip; <\/p>\n","protected":false},"author":1,"featured_media":0,"parent":0,"menu_order":0,"comment_status":"closed","ping_status":"closed","template":"","meta":{"ngg_post_thumbnail":0,"footnotes":""},"class_list":["post-31","page","type-page","status-publish","hentry"],"_links":{"self":[{"href":"https:\/\/www.restauraceuprokopa.cz\/index.php\/wp-json\/wp\/v2\/pages\/31","targetHints":{"allow":["GET"]}}],"collection":[{"href":"https:\/\/www.restauraceuprokopa.cz\/index.php\/wp-json\/wp\/v2\/pages"}],"about":[{"href":"https:\/\/www.restauraceuprokopa.cz\/index.php\/wp-json\/wp\/v2\/types\/page"}],"author":[{"embeddable":true,"href":"https:\/\/www.restauraceuprokopa.cz\/index.php\/wp-json\/wp\/v2\/users\/1"}],"replies":[{"embeddable":true,"href":"https:\/\/www.restauraceuprokopa.cz\/index.php\/wp-json\/wp\/v2\/comments?post=31"}],"version-history":[{"count":172,"href":"https:\/\/www.restauraceuprokopa.cz\/index.php\/wp-json\/wp\/v2\/pages\/31\/revisions"}],"predecessor-version":[{"id":672,"href":"https:\/\/www.restauraceuprokopa.cz\/index.php\/wp-json\/wp\/v2\/pages\/31\/revisions\/672"}],"wp:attachment":[{"href":"https:\/\/www.restauraceuprokopa.cz\/index.php\/wp-json\/wp\/v2\/media?parent=31"}],"curies":[{"name":"wp","href":"https:\/\/api.w.org\/{rel}","templated":true}]}}